{"id":1171,"date":"2022-03-17T10:47:14","date_gmt":"2022-03-17T08:47:14","guid":{"rendered":"https:\/\/siidritalu.ee\/?post_type=product&#038;p=1171"},"modified":"2024-01-31T18:13:52","modified_gmt":"2024-01-31T16:13:52","slug":"alkoholivaba-siider","status":"publish","type":"product","link":"https:\/\/siidritalu.ee\/en\/pood\/alkoholivaba-siider\/","title":{"rendered":"POPP Alkoholivaba siider (5pdl)"},"content":{"rendered":"<p>V\u00e4limuselt helekollane kuldse alatooniga ja peen mulliga. L\u00f5hnas keediseline, mahlane. Tunda \u00f5unamarmelaadi ja \u00fclek\u00fcpsenud melonit. Maitses domineerib v\u00e4rske \u00f5unasus. Keskmaitses lisandub v\u00e4rskendav p\u00fcsima j\u00e4\u00e4v hape. J\u00e4relmaitses keskmise pikkusega, kuid p\u00fcsiva happega. Siidise peene mulliga.<\/p>\n<p>Sobib h\u00e4sti salatite, v\u00e4herasvase kala ja kanaga. Hea kaaslane selgetele suppidele ja puuviljasalatile.<br \/><em><strong><br \/>Sisaldab vaid looduslikke suhkruid.<\/strong><\/em><br \/>Toitumisalane teave 100ml kohta: energia 30kcal, rasvad 0,1g, s\u00fcsivesikud 5,5g, millest suhkrud 4,2g, valgud 0,1g, sool 0g<\/p>\n<p><strong>Kastis 5 pudelit 33cl<br \/>Parim juua jahutatult 6\u20268\u00b0C juures<\/strong><\/p>\n","protected":false},"excerpt":{"rendered":"<p>Popp on looduse ja inims\u00f5bralik, 100% mahlast valmistatud ja k\u00e4\u00e4ritatud toode. Pole lisatud grammigi kontsentraati ega kunstlikke s\u00e4ilitus- ja v\u00e4rvaineid. Toote valmistamisel on kasutatud Eesti mahe\u00f5una mahla.<\/p>\n","protected":false},"featured_media":1175,"template":"","meta":{"_monsterinsights_skip_tracking":false,"_monsterinsights_sitenote_active":false,"_monsterinsights_sitenote_note":"","_monsterinsights_sitenote_category":0},"product_brand":[],"product_cat":[16],"product_tag":[],"class_list":{"0":"post-1171","1":"product","2":"type-product","3":"status-publish","4":"has-post-thumbnail","6":"product_cat-alkoholivabad-tooted","8":"first","9":"instock","10":"taxable","11":"shipping-taxable","12":"purchasable","13":"product-type-simple"},"yoast_head":"<!-- This site is optimized with the Yoast SEO plugin v27.5 - https:\/\/yoast.com\/product\/yoast-seo-wordpress\/ -->\n<title>POPP Alkoholivaba siider (5pdl) - Tori Siidritalu<\/title>\n<meta name=\"description\" content=\"Alkoholivaba siider, sisaldab vaid looduslikke suhkruid, 100% mahlast valmistatud ja k\u00e4\u00e4ritatud naturaalne toode. Sobib salatite, v\u00e4herasvase kala ja kanaga\" \/>\n<meta name=\"robots\" content=\"index, follow, max-snippet:-1, max-image-preview:large, max-video-preview:-1\" \/>\n<link rel=\"canonical\" href=\"https:\/\/siidritalu.ee\/en\/pood\/alkoholivaba-siider\/\" \/>\n<meta property=\"og:locale\" content=\"en_US\" \/>\n<meta property=\"og:type\" content=\"article\" \/>\n<meta property=\"og:title\" content=\"POPP Alkoholivaba siider (5pdl) - Tori Siidritalu\" \/>\n<meta property=\"og:description\" content=\"Alkoholivaba siider, sisaldab vaid looduslikke suhkruid, 100% mahlast valmistatud ja k\u00e4\u00e4ritatud naturaalne toode. Sobib salatite, v\u00e4herasvase kala ja kanaga\" \/>\n<meta property=\"og:url\" content=\"https:\/\/siidritalu.ee\/en\/pood\/alkoholivaba-siider\/\" \/>\n<meta property=\"og:site_name\" content=\"Tori Siidritalu\" \/>\n<meta property=\"article:modified_time\" content=\"2024-01-31T16:13:52+00:00\" \/>\n<meta property=\"og:image\" content=\"https:\/\/siidritalu.ee\/wp-content\/uploads\/2022\/03\/wp-apple.jpg\" \/>\n\t<meta property=\"og:image:width\" content=\"600\" \/>\n\t<meta property=\"og:image:height\" content=\"800\" \/>\n\t<meta property=\"og:image:type\" content=\"image\/jpeg\" \/>\n<meta name=\"twitter:card\" content=\"summary_large_image\" \/>\n<script type=\"application\/ld+json\" class=\"yoast-schema-graph\">{\"@context\":\"https:\\\/\\\/schema.org\",\"@graph\":[{\"@type\":\"WebPage\",\"@id\":\"https:\\\/\\\/siidritalu.ee\\\/en\\\/pood\\\/alkoholivaba-siider\\\/\",\"url\":\"https:\\\/\\\/siidritalu.ee\\\/en\\\/pood\\\/alkoholivaba-siider\\\/\",\"name\":\"POPP Alkoholivaba siider (5pdl) - Tori Siidritalu\",\"isPartOf\":{\"@id\":\"https:\\\/\\\/siidritalu.ee\\\/en\\\/#website\"},\"primaryImageOfPage\":{\"@id\":\"https:\\\/\\\/siidritalu.ee\\\/en\\\/pood\\\/alkoholivaba-siider\\\/#primaryimage\"},\"image\":{\"@id\":\"https:\\\/\\\/siidritalu.ee\\\/en\\\/pood\\\/alkoholivaba-siider\\\/#primaryimage\"},\"thumbnailUrl\":\"https:\\\/\\\/siidritalu.ee\\\/wp-content\\\/uploads\\\/2022\\\/03\\\/wp-apple.jpg\",\"datePublished\":\"2022-03-17T08:47:14+00:00\",\"dateModified\":\"2024-01-31T16:13:52+00:00\",\"description\":\"Alkoholivaba siider, sisaldab vaid looduslikke suhkruid, 100% mahlast valmistatud ja k\u00e4\u00e4ritatud naturaalne toode. Sobib salatite, v\u00e4herasvase kala ja kanaga\",\"breadcrumb\":{\"@id\":\"https:\\\/\\\/siidritalu.ee\\\/en\\\/pood\\\/alkoholivaba-siider\\\/#breadcrumb\"},\"inLanguage\":\"en-US\",\"potentialAction\":[{\"@type\":\"ReadAction\",\"target\":[\"https:\\\/\\\/siidritalu.ee\\\/en\\\/pood\\\/alkoholivaba-siider\\\/\"]}]},{\"@type\":\"ImageObject\",\"inLanguage\":\"en-US\",\"@id\":\"https:\\\/\\\/siidritalu.ee\\\/en\\\/pood\\\/alkoholivaba-siider\\\/#primaryimage\",\"url\":\"https:\\\/\\\/siidritalu.ee\\\/wp-content\\\/uploads\\\/2022\\\/03\\\/wp-apple.jpg\",\"contentUrl\":\"https:\\\/\\\/siidritalu.ee\\\/wp-content\\\/uploads\\\/2022\\\/03\\\/wp-apple.jpg\",\"width\":600,\"height\":800,\"caption\":\"Popp alkoholivaba siider\"},{\"@type\":\"BreadcrumbList\",\"@id\":\"https:\\\/\\\/siidritalu.ee\\\/en\\\/pood\\\/alkoholivaba-siider\\\/#breadcrumb\",\"itemListElement\":[{\"@type\":\"ListItem\",\"position\":1,\"name\":\"Home\",\"item\":\"https:\\\/\\\/siidritalu.ee\\\/en\\\/\"},{\"@type\":\"ListItem\",\"position\":2,\"name\":\"Shop\",\"item\":\"https:\\\/\\\/siidritalu.ee\\\/en\\\/shop\\\/\"},{\"@type\":\"ListItem\",\"position\":3,\"name\":\"POPP Alkoholivaba siider (5pdl)\"}]},{\"@type\":\"WebSite\",\"@id\":\"https:\\\/\\\/siidritalu.ee\\\/en\\\/#website\",\"url\":\"https:\\\/\\\/siidritalu.ee\\\/en\\\/\",\"name\":\"Tori Siidritalu\",\"description\":\"Eesti k\u00e4sit\u00f6\u00f6 joogid siider ja alkoholivaba\",\"publisher\":{\"@id\":\"https:\\\/\\\/siidritalu.ee\\\/en\\\/#organization\"},\"potentialAction\":[{\"@type\":\"SearchAction\",\"target\":{\"@type\":\"EntryPoint\",\"urlTemplate\":\"https:\\\/\\\/siidritalu.ee\\\/en\\\/?s={search_term_string}\"},\"query-input\":{\"@type\":\"PropertyValueSpecification\",\"valueRequired\":true,\"valueName\":\"search_term_string\"}}],\"inLanguage\":\"en-US\"},{\"@type\":\"Organization\",\"@id\":\"https:\\\/\\\/siidritalu.ee\\\/en\\\/#organization\",\"name\":\"Tori Siidritalu\",\"url\":\"https:\\\/\\\/siidritalu.ee\\\/en\\\/\",\"logo\":{\"@type\":\"ImageObject\",\"inLanguage\":\"en-US\",\"@id\":\"https:\\\/\\\/siidritalu.ee\\\/en\\\/#\\\/schema\\\/logo\\\/image\\\/\",\"url\":\"https:\\\/\\\/siidritalu.ee\\\/wp-content\\\/uploads\\\/2021\\\/10\\\/cropped-Logo-1080.jpg\",\"contentUrl\":\"https:\\\/\\\/siidritalu.ee\\\/wp-content\\\/uploads\\\/2021\\\/10\\\/cropped-Logo-1080.jpg\",\"width\":512,\"height\":512,\"caption\":\"Tori Siidritalu\"},\"image\":{\"@id\":\"https:\\\/\\\/siidritalu.ee\\\/en\\\/#\\\/schema\\\/logo\\\/image\\\/\"}}]}<\/script>\n<!-- \/ Yoast SEO plugin. -->","yoast_head_json":{"title":"POPP Alkoholivaba siider (5pdl) - Tori Siidritalu","description":"Alkoholivaba siider, sisaldab vaid looduslikke suhkruid, 100% mahlast valmistatud ja k\u00e4\u00e4ritatud naturaalne toode. Sobib salatite, v\u00e4herasvase kala ja kanaga","robots":{"index":"index","follow":"follow","max-snippet":"max-snippet:-1","max-image-preview":"max-image-preview:large","max-video-preview":"max-video-preview:-1"},"canonical":"https:\/\/siidritalu.ee\/en\/pood\/alkoholivaba-siider\/","og_locale":"en_US","og_type":"article","og_title":"POPP Alkoholivaba siider (5pdl) - Tori Siidritalu","og_description":"Alkoholivaba siider, sisaldab vaid looduslikke suhkruid, 100% mahlast valmistatud ja k\u00e4\u00e4ritatud naturaalne toode. Sobib salatite, v\u00e4herasvase kala ja kanaga","og_url":"https:\/\/siidritalu.ee\/en\/pood\/alkoholivaba-siider\/","og_site_name":"Tori Siidritalu","article_modified_time":"2024-01-31T16:13:52+00:00","og_image":[{"width":600,"height":800,"url":"https:\/\/siidritalu.ee\/wp-content\/uploads\/2022\/03\/wp-apple.jpg","type":"image\/jpeg"}],"twitter_card":"summary_large_image","schema":{"@context":"https:\/\/schema.org","@graph":[{"@type":"WebPage","@id":"https:\/\/siidritalu.ee\/en\/pood\/alkoholivaba-siider\/","url":"https:\/\/siidritalu.ee\/en\/pood\/alkoholivaba-siider\/","name":"POPP Alkoholivaba siider (5pdl) - Tori Siidritalu","isPartOf":{"@id":"https:\/\/siidritalu.ee\/en\/#website"},"primaryImageOfPage":{"@id":"https:\/\/siidritalu.ee\/en\/pood\/alkoholivaba-siider\/#primaryimage"},"image":{"@id":"https:\/\/siidritalu.ee\/en\/pood\/alkoholivaba-siider\/#primaryimage"},"thumbnailUrl":"https:\/\/siidritalu.ee\/wp-content\/uploads\/2022\/03\/wp-apple.jpg","datePublished":"2022-03-17T08:47:14+00:00","dateModified":"2024-01-31T16:13:52+00:00","description":"Alkoholivaba siider, sisaldab vaid looduslikke suhkruid, 100% mahlast valmistatud ja k\u00e4\u00e4ritatud naturaalne toode. Sobib salatite, v\u00e4herasvase kala ja kanaga","breadcrumb":{"@id":"https:\/\/siidritalu.ee\/en\/pood\/alkoholivaba-siider\/#breadcrumb"},"inLanguage":"en-US","potentialAction":[{"@type":"ReadAction","target":["https:\/\/siidritalu.ee\/en\/pood\/alkoholivaba-siider\/"]}]},{"@type":"ImageObject","inLanguage":"en-US","@id":"https:\/\/siidritalu.ee\/en\/pood\/alkoholivaba-siider\/#primaryimage","url":"https:\/\/siidritalu.ee\/wp-content\/uploads\/2022\/03\/wp-apple.jpg","contentUrl":"https:\/\/siidritalu.ee\/wp-content\/uploads\/2022\/03\/wp-apple.jpg","width":600,"height":800,"caption":"Popp alkoholivaba siider"},{"@type":"BreadcrumbList","@id":"https:\/\/siidritalu.ee\/en\/pood\/alkoholivaba-siider\/#breadcrumb","itemListElement":[{"@type":"ListItem","position":1,"name":"Home","item":"https:\/\/siidritalu.ee\/en\/"},{"@type":"ListItem","position":2,"name":"Shop","item":"https:\/\/siidritalu.ee\/en\/shop\/"},{"@type":"ListItem","position":3,"name":"POPP Alkoholivaba siider (5pdl)"}]},{"@type":"WebSite","@id":"https:\/\/siidritalu.ee\/en\/#website","url":"https:\/\/siidritalu.ee\/en\/","name":"Tori Siidritalu","description":"Eesti k\u00e4sit\u00f6\u00f6 joogid siider ja alkoholivaba","publisher":{"@id":"https:\/\/siidritalu.ee\/en\/#organization"},"potentialAction":[{"@type":"SearchAction","target":{"@type":"EntryPoint","urlTemplate":"https:\/\/siidritalu.ee\/en\/?s={search_term_string}"},"query-input":{"@type":"PropertyValueSpecification","valueRequired":true,"valueName":"search_term_string"}}],"inLanguage":"en-US"},{"@type":"Organization","@id":"https:\/\/siidritalu.ee\/en\/#organization","name":"Tori Siidritalu","url":"https:\/\/siidritalu.ee\/en\/","logo":{"@type":"ImageObject","inLanguage":"en-US","@id":"https:\/\/siidritalu.ee\/en\/#\/schema\/logo\/image\/","url":"https:\/\/siidritalu.ee\/wp-content\/uploads\/2021\/10\/cropped-Logo-1080.jpg","contentUrl":"https:\/\/siidritalu.ee\/wp-content\/uploads\/2021\/10\/cropped-Logo-1080.jpg","width":512,"height":512,"caption":"Tori Siidritalu"},"image":{"@id":"https:\/\/siidritalu.ee\/en\/#\/schema\/logo\/image\/"}}]}},"jetpack_sharing_enabled":true,"_links":{"self":[{"href":"https:\/\/siidritalu.ee\/en\/wp-json\/wp\/v2\/product\/1171","targetHints":{"allow":["GET"]}}],"collection":[{"href":"https:\/\/siidritalu.ee\/en\/wp-json\/wp\/v2\/product"}],"about":[{"href":"https:\/\/siidritalu.ee\/en\/wp-json\/wp\/v2\/types\/product"}],"wp:featuredmedia":[{"embeddable":true,"href":"https:\/\/siidritalu.ee\/en\/wp-json\/wp\/v2\/media\/1175"}],"wp:attachment":[{"href":"https:\/\/siidritalu.ee\/en\/wp-json\/wp\/v2\/media?parent=1171"}],"wp:term":[{"taxonomy":"product_brand","embeddable":true,"href":"https:\/\/siidritalu.ee\/en\/wp-json\/wp\/v2\/product_brand?post=1171"},{"taxonomy":"product_cat","embeddable":true,"href":"https:\/\/siidritalu.ee\/en\/wp-json\/wp\/v2\/product_cat?post=1171"},{"taxonomy":"product_tag","embeddable":true,"href":"https:\/\/siidritalu.ee\/en\/wp-json\/wp\/v2\/product_tag?post=1171"}],"curies":[{"name":"wp","href":"https:\/\/api.w.org\/{rel}","templated":true}]}}