{"id":1233,"date":"2022-05-03T13:58:28","date_gmt":"2022-05-03T10:58:28","guid":{"rendered":"https:\/\/siidritalu.ee\/?post_type=product&#038;p=1233"},"modified":"2025-12-18T16:32:35","modified_gmt":"2025-12-18T14:32:35","slug":"ritika-ounalikoor","status":"publish","type":"product","link":"https:\/\/siidritalu.ee\/en\/pood\/ritika-ounalikoor\/","title":{"rendered":"Ritika \u00f5unalik\u00f6\u00f6r"},"content":{"rendered":"<div>\n<p>V\u00e4rvilt kuldkollane.<\/p>\n<\/div>\n<div><\/div>\n<div>Aroomis \u00f5unane, lik\u00f6\u00f6rne, karamelline ja alkohoolne.<\/div>\n<div>Maitselt mahe, kuid kompleksne. Tunda vanilje, \u00f5unakompotti ja veidi tanniini.<\/div>\n<div><\/div>\n<div>Parim digestiiviks konjaki v\u00f5i calvados asemel. Erinevate kookide ja karamelliste dessertide juurde v\u00f5i pikalt laagerdunud juustude k\u00f5rvale.<\/div>\n<p>Alc 21%vol 35cl<br \/>\n<strong>Serveeri 6\u20268\u00b0C<\/strong><\/p>\n","protected":false},"excerpt":{"rendered":"<div>Tori Siidritalu veinikeldrist ilmavalgust n\u00e4inud uus ja eriline toode maitseelamuste otsijaile. Tuntud prantsuse keeles nimega pommeau.<br \/>\nRitika on \u00fcks Tori Siidritalu lemmik \u00f5unasortidest. T\u00e4nu oma erakordselt suurele suhkrusisaldusele ja rikkalikule maitsele sobib Ritika \u00f5un dessertsiidrite ja lik\u00f6\u00f6ride tootmiseks. Need puud said poogitud ja istutatud aastal 2015 ja n\u00fc\u00fcd oleme l\u00f5puks valmis saanud \u00fche erilise joogi, mille sarnast sa mitte kusagilt mujalt maailmas ei leia. Aeg teeb selle joogi vaid paremaks.<br \/>\nLik\u00f6\u00f6rile ei ole lisatud suhkrut, kogu magusus tuleb vaid looduslikest, \u00f5unas leiduvast puuviljasuhkrust. Jook ise on laagerdatud Prantsuse tammevaatides.<\/div>\n<div>\n<figure id=\"attachment_3033\" aria-describedby=\"caption-attachment-3033\" style=\"width: 120px\" class=\"wp-caption alignleft\"><img loading=\"lazy\" decoding=\"async\" class=\"wp-image-3033\" src=\"https:\/\/siidritalu.ee\/wp-content\/uploads\/2022\/05\/NICA23-Silver-400x400.jpg\" alt=\"\" width=\"120\" height=\"120\" srcset=\"https:\/\/siidritalu.ee\/wp-content\/uploads\/2022\/05\/NICA23-Silver-400x400.jpg 400w, https:\/\/siidritalu.ee\/wp-content\/uploads\/2022\/05\/NICA23-Silver-800x800.jpg 800w, https:\/\/siidritalu.ee\/wp-content\/uploads\/2022\/05\/NICA23-Silver-280x280.jpg 280w, https:\/\/siidritalu.ee\/wp-content\/uploads\/2022\/05\/NICA23-Silver-768x768.jpg 768w, https:\/\/siidritalu.ee\/wp-content\/uploads\/2022\/05\/NICA23-Silver-1536x1536.jpg 1536w, https:\/\/siidritalu.ee\/wp-content\/uploads\/2022\/05\/NICA23-Silver-510x510.jpg 510w, https:\/\/siidritalu.ee\/wp-content\/uploads\/2022\/05\/NICA23-Silver-100x100.jpg 100w, https:\/\/siidritalu.ee\/wp-content\/uploads\/2022\/05\/NICA23-Silver.jpg 1603w\" sizes=\"auto, (max-width: 120px) 100vw, 120px\" \/><figcaption id=\"caption-attachment-3033\" class=\"wp-caption-text\">Nordic International Cider Awards 2023<\/figcaption><\/figure>\n<p><img loading=\"lazy\" decoding=\"async\" class=\"alignnone wp-image-3128 \" src=\"https:\/\/siidritalu.ee\/wp-content\/uploads\/2022\/05\/hobe-2023-ESA-293x400.png\" alt=\"\" width=\"93\" height=\"127\" srcset=\"https:\/\/siidritalu.ee\/wp-content\/uploads\/2022\/05\/hobe-2023-ESA-293x400.png 293w, https:\/\/siidritalu.ee\/wp-content\/uploads\/2022\/05\/hobe-2023-ESA.png 346w\" sizes=\"auto, (max-width: 93px) 100vw, 93px\" \/><br \/>\nESA Parim lik\u00f6\u00f6r<br \/>\nEesti Joogid 2023<\/p>\n<\/div>\n","protected":false},"featured_media":3134,"template":"","meta":{"_monsterinsights_skip_tracking":false,"_monsterinsights_sitenote_active":false,"_monsterinsights_sitenote_note":"","_monsterinsights_sitenote_category":0},"product_brand":[],"product_cat":[41],"product_tag":[],"class_list":{"0":"post-1233","1":"product","2":"type-product","3":"status-publish","4":"has-post-thumbnail","6":"product_cat-kange-alkohol","8":"first","9":"instock","10":"taxable","11":"shipping-taxable","12":"purchasable","13":"product-type-simple"},"yoast_head":"<!-- This site is optimized with the Yoast SEO plugin v27.5 - https:\/\/yoast.com\/product\/yoast-seo-wordpress\/ -->\n<title>Ritika \u00f5unalik\u00f6\u00f6r - Tori Siidritalu<\/title>\n<meta name=\"description\" content=\"\u00d5unalik\u00f6\u00f6r ehk Pommeau (prantsuse k.) RITIKA APPLE LIQUEUR. Eesti parimatest paradiisi\u00f5untest ja \u00f5unadestillaadist valmistatud lik\u00f6\u00f6r\" \/>\n<meta name=\"robots\" content=\"index, follow, max-snippet:-1, max-image-preview:large, max-video-preview:-1\" \/>\n<link rel=\"canonical\" href=\"https:\/\/siidritalu.ee\/en\/pood\/ritika-ounalikoor\/\" \/>\n<meta property=\"og:locale\" content=\"en_US\" \/>\n<meta property=\"og:type\" content=\"article\" \/>\n<meta property=\"og:title\" content=\"Ritika \u00f5unalik\u00f6\u00f6r - Tori Siidritalu\" \/>\n<meta property=\"og:description\" content=\"\u00d5unalik\u00f6\u00f6r ehk Pommeau (prantsuse k.) RITIKA APPLE LIQUEUR. Eesti parimatest paradiisi\u00f5untest ja \u00f5unadestillaadist valmistatud lik\u00f6\u00f6r\" \/>\n<meta property=\"og:url\" content=\"https:\/\/siidritalu.ee\/en\/pood\/ritika-ounalikoor\/\" \/>\n<meta property=\"og:site_name\" content=\"Tori Siidritalu\" \/>\n<meta property=\"article:modified_time\" content=\"2025-12-18T14:32:35+00:00\" \/>\n<meta property=\"og:image\" content=\"https:\/\/siidritalu.ee\/wp-content\/uploads\/2022\/05\/Ritika-silver-2.png\" \/>\n\t<meta property=\"og:image:width\" content=\"600\" \/>\n\t<meta property=\"og:image:height\" content=\"800\" \/>\n\t<meta property=\"og:image:type\" content=\"image\/png\" \/>\n<meta name=\"twitter:card\" content=\"summary_large_image\" \/>\n<script type=\"application\/ld+json\" class=\"yoast-schema-graph\">{\"@context\":\"https:\\\/\\\/schema.org\",\"@graph\":[{\"@type\":\"WebPage\",\"@id\":\"https:\\\/\\\/siidritalu.ee\\\/en\\\/pood\\\/ritika-ounalikoor\\\/\",\"url\":\"https:\\\/\\\/siidritalu.ee\\\/en\\\/pood\\\/ritika-ounalikoor\\\/\",\"name\":\"Ritika \u00f5unalik\u00f6\u00f6r - Tori Siidritalu\",\"isPartOf\":{\"@id\":\"https:\\\/\\\/siidritalu.ee\\\/en\\\/#website\"},\"primaryImageOfPage\":{\"@id\":\"https:\\\/\\\/siidritalu.ee\\\/en\\\/pood\\\/ritika-ounalikoor\\\/#primaryimage\"},\"image\":{\"@id\":\"https:\\\/\\\/siidritalu.ee\\\/en\\\/pood\\\/ritika-ounalikoor\\\/#primaryimage\"},\"thumbnailUrl\":\"https:\\\/\\\/siidritalu.ee\\\/wp-content\\\/uploads\\\/2022\\\/05\\\/Ritika-silver-2.png\",\"datePublished\":\"2022-05-03T10:58:28+00:00\",\"dateModified\":\"2025-12-18T14:32:35+00:00\",\"description\":\"\u00d5unalik\u00f6\u00f6r ehk Pommeau (prantsuse k.) RITIKA APPLE LIQUEUR. Eesti parimatest paradiisi\u00f5untest ja \u00f5unadestillaadist valmistatud lik\u00f6\u00f6r\",\"breadcrumb\":{\"@id\":\"https:\\\/\\\/siidritalu.ee\\\/en\\\/pood\\\/ritika-ounalikoor\\\/#breadcrumb\"},\"inLanguage\":\"en-US\",\"potentialAction\":[{\"@type\":\"ReadAction\",\"target\":[\"https:\\\/\\\/siidritalu.ee\\\/en\\\/pood\\\/ritika-ounalikoor\\\/\"]}]},{\"@type\":\"ImageObject\",\"inLanguage\":\"en-US\",\"@id\":\"https:\\\/\\\/siidritalu.ee\\\/en\\\/pood\\\/ritika-ounalikoor\\\/#primaryimage\",\"url\":\"https:\\\/\\\/siidritalu.ee\\\/wp-content\\\/uploads\\\/2022\\\/05\\\/Ritika-silver-2.png\",\"contentUrl\":\"https:\\\/\\\/siidritalu.ee\\\/wp-content\\\/uploads\\\/2022\\\/05\\\/Ritika-silver-2.png\",\"width\":600,\"height\":800},{\"@type\":\"BreadcrumbList\",\"@id\":\"https:\\\/\\\/siidritalu.ee\\\/en\\\/pood\\\/ritika-ounalikoor\\\/#breadcrumb\",\"itemListElement\":[{\"@type\":\"ListItem\",\"position\":1,\"name\":\"Home\",\"item\":\"https:\\\/\\\/siidritalu.ee\\\/en\\\/\"},{\"@type\":\"ListItem\",\"position\":2,\"name\":\"Shop\",\"item\":\"https:\\\/\\\/siidritalu.ee\\\/en\\\/shop\\\/\"},{\"@type\":\"ListItem\",\"position\":3,\"name\":\"Ritika \u00f5unalik\u00f6\u00f6r\"}]},{\"@type\":\"WebSite\",\"@id\":\"https:\\\/\\\/siidritalu.ee\\\/en\\\/#website\",\"url\":\"https:\\\/\\\/siidritalu.ee\\\/en\\\/\",\"name\":\"Tori Siidritalu\",\"description\":\"Eesti k\u00e4sit\u00f6\u00f6 joogid siider ja alkoholivaba\",\"publisher\":{\"@id\":\"https:\\\/\\\/siidritalu.ee\\\/en\\\/#organization\"},\"potentialAction\":[{\"@type\":\"SearchAction\",\"target\":{\"@type\":\"EntryPoint\",\"urlTemplate\":\"https:\\\/\\\/siidritalu.ee\\\/en\\\/?s={search_term_string}\"},\"query-input\":{\"@type\":\"PropertyValueSpecification\",\"valueRequired\":true,\"valueName\":\"search_term_string\"}}],\"inLanguage\":\"en-US\"},{\"@type\":\"Organization\",\"@id\":\"https:\\\/\\\/siidritalu.ee\\\/en\\\/#organization\",\"name\":\"Tori Siidritalu\",\"url\":\"https:\\\/\\\/siidritalu.ee\\\/en\\\/\",\"logo\":{\"@type\":\"ImageObject\",\"inLanguage\":\"en-US\",\"@id\":\"https:\\\/\\\/siidritalu.ee\\\/en\\\/#\\\/schema\\\/logo\\\/image\\\/\",\"url\":\"https:\\\/\\\/siidritalu.ee\\\/wp-content\\\/uploads\\\/2021\\\/10\\\/cropped-Logo-1080.jpg\",\"contentUrl\":\"https:\\\/\\\/siidritalu.ee\\\/wp-content\\\/uploads\\\/2021\\\/10\\\/cropped-Logo-1080.jpg\",\"width\":512,\"height\":512,\"caption\":\"Tori Siidritalu\"},\"image\":{\"@id\":\"https:\\\/\\\/siidritalu.ee\\\/en\\\/#\\\/schema\\\/logo\\\/image\\\/\"}}]}<\/script>\n<!-- \/ Yoast SEO plugin. -->","yoast_head_json":{"title":"Ritika \u00f5unalik\u00f6\u00f6r - Tori Siidritalu","description":"\u00d5unalik\u00f6\u00f6r ehk Pommeau (prantsuse k.) RITIKA APPLE LIQUEUR. Eesti parimatest paradiisi\u00f5untest ja \u00f5unadestillaadist valmistatud lik\u00f6\u00f6r","robots":{"index":"index","follow":"follow","max-snippet":"max-snippet:-1","max-image-preview":"max-image-preview:large","max-video-preview":"max-video-preview:-1"},"canonical":"https:\/\/siidritalu.ee\/en\/pood\/ritika-ounalikoor\/","og_locale":"en_US","og_type":"article","og_title":"Ritika \u00f5unalik\u00f6\u00f6r - Tori Siidritalu","og_description":"\u00d5unalik\u00f6\u00f6r ehk Pommeau (prantsuse k.) RITIKA APPLE LIQUEUR. Eesti parimatest paradiisi\u00f5untest ja \u00f5unadestillaadist valmistatud lik\u00f6\u00f6r","og_url":"https:\/\/siidritalu.ee\/en\/pood\/ritika-ounalikoor\/","og_site_name":"Tori Siidritalu","article_modified_time":"2025-12-18T14:32:35+00:00","og_image":[{"width":600,"height":800,"url":"https:\/\/siidritalu.ee\/wp-content\/uploads\/2022\/05\/Ritika-silver-2.png","type":"image\/png"}],"twitter_card":"summary_large_image","schema":{"@context":"https:\/\/schema.org","@graph":[{"@type":"WebPage","@id":"https:\/\/siidritalu.ee\/en\/pood\/ritika-ounalikoor\/","url":"https:\/\/siidritalu.ee\/en\/pood\/ritika-ounalikoor\/","name":"Ritika \u00f5unalik\u00f6\u00f6r - Tori Siidritalu","isPartOf":{"@id":"https:\/\/siidritalu.ee\/en\/#website"},"primaryImageOfPage":{"@id":"https:\/\/siidritalu.ee\/en\/pood\/ritika-ounalikoor\/#primaryimage"},"image":{"@id":"https:\/\/siidritalu.ee\/en\/pood\/ritika-ounalikoor\/#primaryimage"},"thumbnailUrl":"https:\/\/siidritalu.ee\/wp-content\/uploads\/2022\/05\/Ritika-silver-2.png","datePublished":"2022-05-03T10:58:28+00:00","dateModified":"2025-12-18T14:32:35+00:00","description":"\u00d5unalik\u00f6\u00f6r ehk Pommeau (prantsuse k.) RITIKA APPLE LIQUEUR. Eesti parimatest paradiisi\u00f5untest ja \u00f5unadestillaadist valmistatud lik\u00f6\u00f6r","breadcrumb":{"@id":"https:\/\/siidritalu.ee\/en\/pood\/ritika-ounalikoor\/#breadcrumb"},"inLanguage":"en-US","potentialAction":[{"@type":"ReadAction","target":["https:\/\/siidritalu.ee\/en\/pood\/ritika-ounalikoor\/"]}]},{"@type":"ImageObject","inLanguage":"en-US","@id":"https:\/\/siidritalu.ee\/en\/pood\/ritika-ounalikoor\/#primaryimage","url":"https:\/\/siidritalu.ee\/wp-content\/uploads\/2022\/05\/Ritika-silver-2.png","contentUrl":"https:\/\/siidritalu.ee\/wp-content\/uploads\/2022\/05\/Ritika-silver-2.png","width":600,"height":800},{"@type":"BreadcrumbList","@id":"https:\/\/siidritalu.ee\/en\/pood\/ritika-ounalikoor\/#breadcrumb","itemListElement":[{"@type":"ListItem","position":1,"name":"Home","item":"https:\/\/siidritalu.ee\/en\/"},{"@type":"ListItem","position":2,"name":"Shop","item":"https:\/\/siidritalu.ee\/en\/shop\/"},{"@type":"ListItem","position":3,"name":"Ritika \u00f5unalik\u00f6\u00f6r"}]},{"@type":"WebSite","@id":"https:\/\/siidritalu.ee\/en\/#website","url":"https:\/\/siidritalu.ee\/en\/","name":"Tori Siidritalu","description":"Eesti k\u00e4sit\u00f6\u00f6 joogid siider ja alkoholivaba","publisher":{"@id":"https:\/\/siidritalu.ee\/en\/#organization"},"potentialAction":[{"@type":"SearchAction","target":{"@type":"EntryPoint","urlTemplate":"https:\/\/siidritalu.ee\/en\/?s={search_term_string}"},"query-input":{"@type":"PropertyValueSpecification","valueRequired":true,"valueName":"search_term_string"}}],"inLanguage":"en-US"},{"@type":"Organization","@id":"https:\/\/siidritalu.ee\/en\/#organization","name":"Tori Siidritalu","url":"https:\/\/siidritalu.ee\/en\/","logo":{"@type":"ImageObject","inLanguage":"en-US","@id":"https:\/\/siidritalu.ee\/en\/#\/schema\/logo\/image\/","url":"https:\/\/siidritalu.ee\/wp-content\/uploads\/2021\/10\/cropped-Logo-1080.jpg","contentUrl":"https:\/\/siidritalu.ee\/wp-content\/uploads\/2021\/10\/cropped-Logo-1080.jpg","width":512,"height":512,"caption":"Tori Siidritalu"},"image":{"@id":"https:\/\/siidritalu.ee\/en\/#\/schema\/logo\/image\/"}}]}},"jetpack_sharing_enabled":true,"_links":{"self":[{"href":"https:\/\/siidritalu.ee\/en\/wp-json\/wp\/v2\/product\/1233","targetHints":{"allow":["GET"]}}],"collection":[{"href":"https:\/\/siidritalu.ee\/en\/wp-json\/wp\/v2\/product"}],"about":[{"href":"https:\/\/siidritalu.ee\/en\/wp-json\/wp\/v2\/types\/product"}],"wp:featuredmedia":[{"embeddable":true,"href":"https:\/\/siidritalu.ee\/en\/wp-json\/wp\/v2\/media\/3134"}],"wp:attachment":[{"href":"https:\/\/siidritalu.ee\/en\/wp-json\/wp\/v2\/media?parent=1233"}],"wp:term":[{"taxonomy":"product_brand","embeddable":true,"href":"https:\/\/siidritalu.ee\/en\/wp-json\/wp\/v2\/product_brand?post=1233"},{"taxonomy":"product_cat","embeddable":true,"href":"https:\/\/siidritalu.ee\/en\/wp-json\/wp\/v2\/product_cat?post=1233"},{"taxonomy":"product_tag","embeddable":true,"href":"https:\/\/siidritalu.ee\/en\/wp-json\/wp\/v2\/product_tag?post=1233"}],"curies":[{"name":"wp","href":"https:\/\/api.w.org\/{rel}","templated":true}]}}