{"id":163,"date":"2021-10-09T15:28:40","date_gmt":"2021-10-09T15:28:40","guid":{"rendered":"https:\/\/siidritalu.ee\/?post_type=product&#038;p=163"},"modified":"2025-08-18T08:47:57","modified_gmt":"2025-08-18T05:47:57","slug":"mustasostra-vein","status":"publish","type":"product","link":"https:\/\/siidritalu.ee\/en\/pood\/mustasostra-vein\/","title":{"rendered":"Mustas\u00f5stra vein 75cl"},"content":{"rendered":"<div>\n<div>Klaasi t\u00e4idab kirsipunane vein. Aroomis on vein lopsakalt marjane, veidi siirupine. Kergete oks\u00fcdatiivsete nootidega. Tunda on musts\u00f5starlt, metsmarja ja p\u00f5ldmarju. Meenutab Creme de Cassis lik\u00f6\u00f6ri.<\/div>\n<div>\n<p>Maitses intensiivne ja marjane. Tunda on kerget suitsusust ja vanilje noote. Tagaplaanil lisab tasakaalu kerge happesus koos marjaste tanniinidega. J\u00e4relmaitses j\u00e4\u00e4b p\u00fcsima m\u00f5rkjus koos tammiste ja mustika nootidega.<\/p>\n<\/div>\n<div>Sobib kenasti aperitiiviks v\u00f5i grillitud linnuliha ja marjakastmetega. V\u00e4ga \u00e4ge kaaslane ka Eesti klassikalisele j\u00f5ululauale pohlamoosiga verivorstide ja piparkookide k\u00f5rvale. Hea valik klassikalise New York Cheesecake austajale.<\/div>\n<\/div>\n<div>\n<p><strong>Alc 14,5%vol 75cl<br \/>\nParim juua jahutatult 16&#8230;18\u00b0C juures<br \/>\n<\/strong><em>sisaldab sulfiteid<\/em><\/p>\n<\/div>\n","protected":false},"excerpt":{"rendered":"<div>\n<p>12 pikka kuud jahedal temperatuuril kestnud aeglane k\u00e4\u00e4ritus ja tammelaagerdus toovad mustas\u00f5straveinis esile selle poolmagusa veini parimad omadused.<\/p>\n<\/div>\n","protected":false},"featured_media":1204,"template":"","meta":{"_monsterinsights_skip_tracking":false,"_monsterinsights_sitenote_active":false,"_monsterinsights_sitenote_note":"","_monsterinsights_sitenote_category":0},"product_brand":[],"product_cat":[20],"product_tag":[],"class_list":{"0":"post-163","1":"product","2":"type-product","3":"status-publish","4":"has-post-thumbnail","6":"product_cat-vein","8":"first","9":"instock","10":"taxable","11":"shipping-taxable","12":"purchasable","13":"product-type-simple"},"yoast_head":"<!-- This site is optimized with the Yoast SEO plugin v27.5 - https:\/\/yoast.com\/product\/yoast-seo-wordpress\/ -->\n<title>Mustas\u00f5stra vein 75cl - Tori Siidritalu<\/title>\n<meta name=\"description\" content=\"Eesti marja musts\u00f5stravein sobib aperitiivina, grill-lihatoitudega. Tammelaagerdus toovad mustas\u00f5straveinis tema parimad omadused\" \/>\n<meta name=\"robots\" content=\"index, follow, max-snippet:-1, max-image-preview:large, max-video-preview:-1\" \/>\n<link rel=\"canonical\" href=\"https:\/\/siidritalu.ee\/en\/pood\/mustasostra-vein\/\" \/>\n<meta property=\"og:locale\" content=\"en_US\" \/>\n<meta property=\"og:type\" content=\"article\" \/>\n<meta property=\"og:title\" content=\"Mustas\u00f5stra vein 75cl - Tori Siidritalu\" \/>\n<meta property=\"og:description\" content=\"Eesti marja musts\u00f5stravein sobib aperitiivina, grill-lihatoitudega. Tammelaagerdus toovad mustas\u00f5straveinis tema parimad omadused\" \/>\n<meta property=\"og:url\" content=\"https:\/\/siidritalu.ee\/en\/pood\/mustasostra-vein\/\" \/>\n<meta property=\"og:site_name\" content=\"Tori Siidritalu\" \/>\n<meta property=\"article:modified_time\" content=\"2025-08-18T05:47:57+00:00\" \/>\n<meta property=\"og:image\" content=\"https:\/\/siidritalu.ee\/wp-content\/uploads\/2021\/10\/mustasostra-vein-wp-2.png\" \/>\n\t<meta property=\"og:image:width\" content=\"600\" \/>\n\t<meta property=\"og:image:height\" content=\"800\" \/>\n\t<meta property=\"og:image:type\" content=\"image\/png\" \/>\n<meta name=\"twitter:card\" content=\"summary_large_image\" \/>\n<meta name=\"twitter:label1\" content=\"Est. reading time\" \/>\n\t<meta name=\"twitter:data1\" content=\"1 minute\" \/>\n<script type=\"application\/ld+json\" class=\"yoast-schema-graph\">{\"@context\":\"https:\\\/\\\/schema.org\",\"@graph\":[{\"@type\":\"WebPage\",\"@id\":\"https:\\\/\\\/siidritalu.ee\\\/en\\\/pood\\\/mustasostra-vein\\\/\",\"url\":\"https:\\\/\\\/siidritalu.ee\\\/en\\\/pood\\\/mustasostra-vein\\\/\",\"name\":\"Mustas\u00f5stra vein 75cl - Tori Siidritalu\",\"isPartOf\":{\"@id\":\"https:\\\/\\\/siidritalu.ee\\\/en\\\/#website\"},\"primaryImageOfPage\":{\"@id\":\"https:\\\/\\\/siidritalu.ee\\\/en\\\/pood\\\/mustasostra-vein\\\/#primaryimage\"},\"image\":{\"@id\":\"https:\\\/\\\/siidritalu.ee\\\/en\\\/pood\\\/mustasostra-vein\\\/#primaryimage\"},\"thumbnailUrl\":\"https:\\\/\\\/siidritalu.ee\\\/wp-content\\\/uploads\\\/2021\\\/10\\\/mustasostra-vein-wp-2.png\",\"datePublished\":\"2021-10-09T15:28:40+00:00\",\"dateModified\":\"2025-08-18T05:47:57+00:00\",\"description\":\"Eesti marja musts\u00f5stravein sobib aperitiivina, grill-lihatoitudega. Tammelaagerdus toovad mustas\u00f5straveinis tema parimad omadused\",\"breadcrumb\":{\"@id\":\"https:\\\/\\\/siidritalu.ee\\\/en\\\/pood\\\/mustasostra-vein\\\/#breadcrumb\"},\"inLanguage\":\"en-US\",\"potentialAction\":[{\"@type\":\"ReadAction\",\"target\":[\"https:\\\/\\\/siidritalu.ee\\\/en\\\/pood\\\/mustasostra-vein\\\/\"]}]},{\"@type\":\"ImageObject\",\"inLanguage\":\"en-US\",\"@id\":\"https:\\\/\\\/siidritalu.ee\\\/en\\\/pood\\\/mustasostra-vein\\\/#primaryimage\",\"url\":\"https:\\\/\\\/siidritalu.ee\\\/wp-content\\\/uploads\\\/2021\\\/10\\\/mustasostra-vein-wp-2.png\",\"contentUrl\":\"https:\\\/\\\/siidritalu.ee\\\/wp-content\\\/uploads\\\/2021\\\/10\\\/mustasostra-vein-wp-2.png\",\"width\":600,\"height\":800,\"caption\":\"Eesti marja vein\"},{\"@type\":\"BreadcrumbList\",\"@id\":\"https:\\\/\\\/siidritalu.ee\\\/en\\\/pood\\\/mustasostra-vein\\\/#breadcrumb\",\"itemListElement\":[{\"@type\":\"ListItem\",\"position\":1,\"name\":\"Home\",\"item\":\"https:\\\/\\\/siidritalu.ee\\\/en\\\/\"},{\"@type\":\"ListItem\",\"position\":2,\"name\":\"Shop\",\"item\":\"https:\\\/\\\/siidritalu.ee\\\/en\\\/shop\\\/\"},{\"@type\":\"ListItem\",\"position\":3,\"name\":\"Mustas\u00f5stra vein 75cl\"}]},{\"@type\":\"WebSite\",\"@id\":\"https:\\\/\\\/siidritalu.ee\\\/en\\\/#website\",\"url\":\"https:\\\/\\\/siidritalu.ee\\\/en\\\/\",\"name\":\"Tori Siidritalu\",\"description\":\"Eesti k\u00e4sit\u00f6\u00f6 joogid siider ja alkoholivaba\",\"publisher\":{\"@id\":\"https:\\\/\\\/siidritalu.ee\\\/en\\\/#organization\"},\"potentialAction\":[{\"@type\":\"SearchAction\",\"target\":{\"@type\":\"EntryPoint\",\"urlTemplate\":\"https:\\\/\\\/siidritalu.ee\\\/en\\\/?s={search_term_string}\"},\"query-input\":{\"@type\":\"PropertyValueSpecification\",\"valueRequired\":true,\"valueName\":\"search_term_string\"}}],\"inLanguage\":\"en-US\"},{\"@type\":\"Organization\",\"@id\":\"https:\\\/\\\/siidritalu.ee\\\/en\\\/#organization\",\"name\":\"Tori Siidritalu\",\"url\":\"https:\\\/\\\/siidritalu.ee\\\/en\\\/\",\"logo\":{\"@type\":\"ImageObject\",\"inLanguage\":\"en-US\",\"@id\":\"https:\\\/\\\/siidritalu.ee\\\/en\\\/#\\\/schema\\\/logo\\\/image\\\/\",\"url\":\"https:\\\/\\\/siidritalu.ee\\\/wp-content\\\/uploads\\\/2021\\\/10\\\/cropped-Logo-1080.jpg\",\"contentUrl\":\"https:\\\/\\\/siidritalu.ee\\\/wp-content\\\/uploads\\\/2021\\\/10\\\/cropped-Logo-1080.jpg\",\"width\":512,\"height\":512,\"caption\":\"Tori Siidritalu\"},\"image\":{\"@id\":\"https:\\\/\\\/siidritalu.ee\\\/en\\\/#\\\/schema\\\/logo\\\/image\\\/\"}}]}<\/script>\n<!-- \/ Yoast SEO plugin. -->","yoast_head_json":{"title":"Mustas\u00f5stra vein 75cl - Tori Siidritalu","description":"Eesti marja musts\u00f5stravein sobib aperitiivina, grill-lihatoitudega. Tammelaagerdus toovad mustas\u00f5straveinis tema parimad omadused","robots":{"index":"index","follow":"follow","max-snippet":"max-snippet:-1","max-image-preview":"max-image-preview:large","max-video-preview":"max-video-preview:-1"},"canonical":"https:\/\/siidritalu.ee\/en\/pood\/mustasostra-vein\/","og_locale":"en_US","og_type":"article","og_title":"Mustas\u00f5stra vein 75cl - Tori Siidritalu","og_description":"Eesti marja musts\u00f5stravein sobib aperitiivina, grill-lihatoitudega. Tammelaagerdus toovad mustas\u00f5straveinis tema parimad omadused","og_url":"https:\/\/siidritalu.ee\/en\/pood\/mustasostra-vein\/","og_site_name":"Tori Siidritalu","article_modified_time":"2025-08-18T05:47:57+00:00","og_image":[{"width":600,"height":800,"url":"https:\/\/siidritalu.ee\/wp-content\/uploads\/2021\/10\/mustasostra-vein-wp-2.png","type":"image\/png"}],"twitter_card":"summary_large_image","twitter_misc":{"Est. reading time":"1 minute"},"schema":{"@context":"https:\/\/schema.org","@graph":[{"@type":"WebPage","@id":"https:\/\/siidritalu.ee\/en\/pood\/mustasostra-vein\/","url":"https:\/\/siidritalu.ee\/en\/pood\/mustasostra-vein\/","name":"Mustas\u00f5stra vein 75cl - Tori Siidritalu","isPartOf":{"@id":"https:\/\/siidritalu.ee\/en\/#website"},"primaryImageOfPage":{"@id":"https:\/\/siidritalu.ee\/en\/pood\/mustasostra-vein\/#primaryimage"},"image":{"@id":"https:\/\/siidritalu.ee\/en\/pood\/mustasostra-vein\/#primaryimage"},"thumbnailUrl":"https:\/\/siidritalu.ee\/wp-content\/uploads\/2021\/10\/mustasostra-vein-wp-2.png","datePublished":"2021-10-09T15:28:40+00:00","dateModified":"2025-08-18T05:47:57+00:00","description":"Eesti marja musts\u00f5stravein sobib aperitiivina, grill-lihatoitudega. Tammelaagerdus toovad mustas\u00f5straveinis tema parimad omadused","breadcrumb":{"@id":"https:\/\/siidritalu.ee\/en\/pood\/mustasostra-vein\/#breadcrumb"},"inLanguage":"en-US","potentialAction":[{"@type":"ReadAction","target":["https:\/\/siidritalu.ee\/en\/pood\/mustasostra-vein\/"]}]},{"@type":"ImageObject","inLanguage":"en-US","@id":"https:\/\/siidritalu.ee\/en\/pood\/mustasostra-vein\/#primaryimage","url":"https:\/\/siidritalu.ee\/wp-content\/uploads\/2021\/10\/mustasostra-vein-wp-2.png","contentUrl":"https:\/\/siidritalu.ee\/wp-content\/uploads\/2021\/10\/mustasostra-vein-wp-2.png","width":600,"height":800,"caption":"Eesti marja vein"},{"@type":"BreadcrumbList","@id":"https:\/\/siidritalu.ee\/en\/pood\/mustasostra-vein\/#breadcrumb","itemListElement":[{"@type":"ListItem","position":1,"name":"Home","item":"https:\/\/siidritalu.ee\/en\/"},{"@type":"ListItem","position":2,"name":"Shop","item":"https:\/\/siidritalu.ee\/en\/shop\/"},{"@type":"ListItem","position":3,"name":"Mustas\u00f5stra vein 75cl"}]},{"@type":"WebSite","@id":"https:\/\/siidritalu.ee\/en\/#website","url":"https:\/\/siidritalu.ee\/en\/","name":"Tori Siidritalu","description":"Eesti k\u00e4sit\u00f6\u00f6 joogid siider ja alkoholivaba","publisher":{"@id":"https:\/\/siidritalu.ee\/en\/#organization"},"potentialAction":[{"@type":"SearchAction","target":{"@type":"EntryPoint","urlTemplate":"https:\/\/siidritalu.ee\/en\/?s={search_term_string}"},"query-input":{"@type":"PropertyValueSpecification","valueRequired":true,"valueName":"search_term_string"}}],"inLanguage":"en-US"},{"@type":"Organization","@id":"https:\/\/siidritalu.ee\/en\/#organization","name":"Tori Siidritalu","url":"https:\/\/siidritalu.ee\/en\/","logo":{"@type":"ImageObject","inLanguage":"en-US","@id":"https:\/\/siidritalu.ee\/en\/#\/schema\/logo\/image\/","url":"https:\/\/siidritalu.ee\/wp-content\/uploads\/2021\/10\/cropped-Logo-1080.jpg","contentUrl":"https:\/\/siidritalu.ee\/wp-content\/uploads\/2021\/10\/cropped-Logo-1080.jpg","width":512,"height":512,"caption":"Tori Siidritalu"},"image":{"@id":"https:\/\/siidritalu.ee\/en\/#\/schema\/logo\/image\/"}}]}},"jetpack_sharing_enabled":true,"_links":{"self":[{"href":"https:\/\/siidritalu.ee\/en\/wp-json\/wp\/v2\/product\/163","targetHints":{"allow":["GET"]}}],"collection":[{"href":"https:\/\/siidritalu.ee\/en\/wp-json\/wp\/v2\/product"}],"about":[{"href":"https:\/\/siidritalu.ee\/en\/wp-json\/wp\/v2\/types\/product"}],"wp:featuredmedia":[{"embeddable":true,"href":"https:\/\/siidritalu.ee\/en\/wp-json\/wp\/v2\/media\/1204"}],"wp:attachment":[{"href":"https:\/\/siidritalu.ee\/en\/wp-json\/wp\/v2\/media?parent=163"}],"wp:term":[{"taxonomy":"product_brand","embeddable":true,"href":"https:\/\/siidritalu.ee\/en\/wp-json\/wp\/v2\/product_brand?post=163"},{"taxonomy":"product_cat","embeddable":true,"href":"https:\/\/siidritalu.ee\/en\/wp-json\/wp\/v2\/product_cat?post=163"},{"taxonomy":"product_tag","embeddable":true,"href":"https:\/\/siidritalu.ee\/en\/wp-json\/wp\/v2\/product_tag?post=163"}],"curies":[{"name":"wp","href":"https:\/\/api.w.org\/{rel}","templated":true}]}}