{"id":2958,"date":"2023-04-17T19:05:41","date_gmt":"2023-04-17T16:05:41","guid":{"rendered":"https:\/\/siidritalu.ee\/?post_type=product&#038;p=2958"},"modified":"2024-01-31T18:20:21","modified_gmt":"2024-01-31T16:20:21","slug":"rabarberi-mullijook-33cl","status":"publish","type":"product","link":"https:\/\/siidritalu.ee\/en\/pood\/rabarberi-mullijook-33cl\/","title":{"rendered":"Rabarberi mullijook (5pdl)"},"content":{"rendered":"<p>Klaasis heleroosa, kergelt oran\u017eika alatooniga. V\u00e4hearomaatne, \u00f5unaste ja marjaste nootide ning peene mulliga. Elegantne ja pehme maitsega, heas tasakaalus hapukuse ja marjasusega. Tunda kirsse, mahlasust ja \u00f5una, mida domineerib rabarber. J\u00e4relmaitses lisanduvad kirsised maitsed.<\/p>\n<p>Suurep\u00e4rane aperitiiv, salatite, eelroogade n\u00e4iteks siia \u00e4kise k\u00f5rvale v\u00f5i kergemate magusroogade ning k\u00fclmade suupistete k\u00f5rvale. Kena kaaslane pehmetele juustudele.<\/p>\n<p>\u00a0<\/p>\n<p>Kastis 5 pudelit 33cl<br \/>Parim juua jahutatult 6\u20268\u00b0C juures<\/p>\n<p>Toitumisalane teave 100ml kohta: energia 155kj\/37kcal, rasvad 0g, s\u00fcsivesikud 5g, valgud 0,2g, sool 0g<\/p>\n","protected":false},"excerpt":{"rendered":"<p>Kosutav ja karge rabarberi mullijook kirssidega. M\u00f5eldud eelk\u00f5ige alkoholivaba alternatiivina peolaudadele tervitusjoogiks, aga loomulikult ka lihtsalt nautimiseks.<br \/>\n<img loading=\"lazy\" decoding=\"async\" class=\"alignnone wp-image-3120\" src=\"https:\/\/siidritalu.ee\/wp-content\/uploads\/2023\/04\/pronks-2023-ESA-293x400.png\" alt=\"\" width=\"90\" height=\"123\" srcset=\"https:\/\/siidritalu.ee\/wp-content\/uploads\/2023\/04\/pronks-2023-ESA-293x400.png 293w, https:\/\/siidritalu.ee\/wp-content\/uploads\/2023\/04\/pronks-2023-ESA.png 346w\" sizes=\"auto, (max-width: 90px) 100vw, 90px\" \/>Parim alkoholivaba jook 2023<\/p>\n","protected":false},"featured_media":3140,"template":"","meta":{"_monsterinsights_skip_tracking":false,"_monsterinsights_sitenote_active":false,"_monsterinsights_sitenote_note":"","_monsterinsights_sitenote_category":0},"product_brand":[],"product_cat":[16],"product_tag":[],"class_list":{"0":"post-2958","1":"product","2":"type-product","3":"status-publish","4":"has-post-thumbnail","6":"product_cat-alkoholivabad-tooted","8":"first","9":"instock","10":"taxable","11":"shipping-taxable","12":"purchasable","13":"product-type-simple"},"yoast_head":"<!-- This site is optimized with the Yoast SEO plugin v27.5 - https:\/\/yoast.com\/product\/yoast-seo-wordpress\/ -->\n<title>Rabarberi mullijook (5pdl) - Tori Siidritalu<\/title>\n<meta name=\"description\" content=\"Kosutav ja karge rabarberi mullijook. Alkoholivaba tervitusjook, aga loomulikult ka lihtsalt nautimiseks. Rabarberi mull pidulik jook mis sobib k\u00f5ikidele\" \/>\n<meta name=\"robots\" content=\"index, follow, max-snippet:-1, max-image-preview:large, max-video-preview:-1\" \/>\n<link rel=\"canonical\" href=\"https:\/\/siidritalu.ee\/en\/pood\/rabarberi-mullijook-33cl\/\" \/>\n<meta property=\"og:locale\" content=\"en_US\" \/>\n<meta property=\"og:type\" content=\"article\" \/>\n<meta property=\"og:title\" content=\"Rabarberi mullijook (5pdl) - Tori Siidritalu\" \/>\n<meta property=\"og:description\" content=\"Kosutav ja karge rabarberi mullijook. Alkoholivaba tervitusjook, aga loomulikult ka lihtsalt nautimiseks. Rabarberi mull pidulik jook mis sobib k\u00f5ikidele\" \/>\n<meta property=\"og:url\" content=\"https:\/\/siidritalu.ee\/en\/pood\/rabarberi-mullijook-33cl\/\" \/>\n<meta property=\"og:site_name\" content=\"Tori Siidritalu\" \/>\n<meta property=\"article:modified_time\" content=\"2024-01-31T16:20:21+00:00\" \/>\n<meta property=\"og:image\" content=\"https:\/\/siidritalu.ee\/wp-content\/uploads\/2023\/04\/Rabarberi-mull-33cl-pronks.png\" \/>\n\t<meta property=\"og:image:width\" content=\"800\" \/>\n\t<meta property=\"og:image:height\" content=\"1067\" \/>\n\t<meta property=\"og:image:type\" content=\"image\/png\" \/>\n<meta name=\"twitter:card\" content=\"summary_large_image\" \/>\n<script type=\"application\/ld+json\" class=\"yoast-schema-graph\">{\"@context\":\"https:\\\/\\\/schema.org\",\"@graph\":[{\"@type\":\"WebPage\",\"@id\":\"https:\\\/\\\/siidritalu.ee\\\/en\\\/pood\\\/rabarberi-mullijook-33cl\\\/\",\"url\":\"https:\\\/\\\/siidritalu.ee\\\/en\\\/pood\\\/rabarberi-mullijook-33cl\\\/\",\"name\":\"Rabarberi mullijook (5pdl) - Tori Siidritalu\",\"isPartOf\":{\"@id\":\"https:\\\/\\\/siidritalu.ee\\\/en\\\/#website\"},\"primaryImageOfPage\":{\"@id\":\"https:\\\/\\\/siidritalu.ee\\\/en\\\/pood\\\/rabarberi-mullijook-33cl\\\/#primaryimage\"},\"image\":{\"@id\":\"https:\\\/\\\/siidritalu.ee\\\/en\\\/pood\\\/rabarberi-mullijook-33cl\\\/#primaryimage\"},\"thumbnailUrl\":\"https:\\\/\\\/siidritalu.ee\\\/wp-content\\\/uploads\\\/2023\\\/04\\\/Rabarberi-mull-33cl-pronks.png\",\"datePublished\":\"2023-04-17T16:05:41+00:00\",\"dateModified\":\"2024-01-31T16:20:21+00:00\",\"description\":\"Kosutav ja karge rabarberi mullijook. Alkoholivaba tervitusjook, aga loomulikult ka lihtsalt nautimiseks. Rabarberi mull pidulik jook mis sobib k\u00f5ikidele\",\"breadcrumb\":{\"@id\":\"https:\\\/\\\/siidritalu.ee\\\/en\\\/pood\\\/rabarberi-mullijook-33cl\\\/#breadcrumb\"},\"inLanguage\":\"en-US\",\"potentialAction\":[{\"@type\":\"ReadAction\",\"target\":[\"https:\\\/\\\/siidritalu.ee\\\/en\\\/pood\\\/rabarberi-mullijook-33cl\\\/\"]}]},{\"@type\":\"ImageObject\",\"inLanguage\":\"en-US\",\"@id\":\"https:\\\/\\\/siidritalu.ee\\\/en\\\/pood\\\/rabarberi-mullijook-33cl\\\/#primaryimage\",\"url\":\"https:\\\/\\\/siidritalu.ee\\\/wp-content\\\/uploads\\\/2023\\\/04\\\/Rabarberi-mull-33cl-pronks.png\",\"contentUrl\":\"https:\\\/\\\/siidritalu.ee\\\/wp-content\\\/uploads\\\/2023\\\/04\\\/Rabarberi-mull-33cl-pronks.png\",\"width\":800,\"height\":1067},{\"@type\":\"BreadcrumbList\",\"@id\":\"https:\\\/\\\/siidritalu.ee\\\/en\\\/pood\\\/rabarberi-mullijook-33cl\\\/#breadcrumb\",\"itemListElement\":[{\"@type\":\"ListItem\",\"position\":1,\"name\":\"Home\",\"item\":\"https:\\\/\\\/siidritalu.ee\\\/en\\\/\"},{\"@type\":\"ListItem\",\"position\":2,\"name\":\"Shop\",\"item\":\"https:\\\/\\\/siidritalu.ee\\\/en\\\/shop\\\/\"},{\"@type\":\"ListItem\",\"position\":3,\"name\":\"Rabarberi mullijook (5pdl)\"}]},{\"@type\":\"WebSite\",\"@id\":\"https:\\\/\\\/siidritalu.ee\\\/en\\\/#website\",\"url\":\"https:\\\/\\\/siidritalu.ee\\\/en\\\/\",\"name\":\"Tori Siidritalu\",\"description\":\"Eesti k\u00e4sit\u00f6\u00f6 joogid siider ja alkoholivaba\",\"publisher\":{\"@id\":\"https:\\\/\\\/siidritalu.ee\\\/en\\\/#organization\"},\"potentialAction\":[{\"@type\":\"SearchAction\",\"target\":{\"@type\":\"EntryPoint\",\"urlTemplate\":\"https:\\\/\\\/siidritalu.ee\\\/en\\\/?s={search_term_string}\"},\"query-input\":{\"@type\":\"PropertyValueSpecification\",\"valueRequired\":true,\"valueName\":\"search_term_string\"}}],\"inLanguage\":\"en-US\"},{\"@type\":\"Organization\",\"@id\":\"https:\\\/\\\/siidritalu.ee\\\/en\\\/#organization\",\"name\":\"Tori Siidritalu\",\"url\":\"https:\\\/\\\/siidritalu.ee\\\/en\\\/\",\"logo\":{\"@type\":\"ImageObject\",\"inLanguage\":\"en-US\",\"@id\":\"https:\\\/\\\/siidritalu.ee\\\/en\\\/#\\\/schema\\\/logo\\\/image\\\/\",\"url\":\"https:\\\/\\\/siidritalu.ee\\\/wp-content\\\/uploads\\\/2021\\\/10\\\/cropped-Logo-1080.jpg\",\"contentUrl\":\"https:\\\/\\\/siidritalu.ee\\\/wp-content\\\/uploads\\\/2021\\\/10\\\/cropped-Logo-1080.jpg\",\"width\":512,\"height\":512,\"caption\":\"Tori Siidritalu\"},\"image\":{\"@id\":\"https:\\\/\\\/siidritalu.ee\\\/en\\\/#\\\/schema\\\/logo\\\/image\\\/\"}}]}<\/script>\n<!-- \/ Yoast SEO plugin. -->","yoast_head_json":{"title":"Rabarberi mullijook (5pdl) - Tori Siidritalu","description":"Kosutav ja karge rabarberi mullijook. Alkoholivaba tervitusjook, aga loomulikult ka lihtsalt nautimiseks. Rabarberi mull pidulik jook mis sobib k\u00f5ikidele","robots":{"index":"index","follow":"follow","max-snippet":"max-snippet:-1","max-image-preview":"max-image-preview:large","max-video-preview":"max-video-preview:-1"},"canonical":"https:\/\/siidritalu.ee\/en\/pood\/rabarberi-mullijook-33cl\/","og_locale":"en_US","og_type":"article","og_title":"Rabarberi mullijook (5pdl) - Tori Siidritalu","og_description":"Kosutav ja karge rabarberi mullijook. Alkoholivaba tervitusjook, aga loomulikult ka lihtsalt nautimiseks. Rabarberi mull pidulik jook mis sobib k\u00f5ikidele","og_url":"https:\/\/siidritalu.ee\/en\/pood\/rabarberi-mullijook-33cl\/","og_site_name":"Tori Siidritalu","article_modified_time":"2024-01-31T16:20:21+00:00","og_image":[{"width":800,"height":1067,"url":"https:\/\/siidritalu.ee\/wp-content\/uploads\/2023\/04\/Rabarberi-mull-33cl-pronks.png","type":"image\/png"}],"twitter_card":"summary_large_image","schema":{"@context":"https:\/\/schema.org","@graph":[{"@type":"WebPage","@id":"https:\/\/siidritalu.ee\/en\/pood\/rabarberi-mullijook-33cl\/","url":"https:\/\/siidritalu.ee\/en\/pood\/rabarberi-mullijook-33cl\/","name":"Rabarberi mullijook (5pdl) - Tori Siidritalu","isPartOf":{"@id":"https:\/\/siidritalu.ee\/en\/#website"},"primaryImageOfPage":{"@id":"https:\/\/siidritalu.ee\/en\/pood\/rabarberi-mullijook-33cl\/#primaryimage"},"image":{"@id":"https:\/\/siidritalu.ee\/en\/pood\/rabarberi-mullijook-33cl\/#primaryimage"},"thumbnailUrl":"https:\/\/siidritalu.ee\/wp-content\/uploads\/2023\/04\/Rabarberi-mull-33cl-pronks.png","datePublished":"2023-04-17T16:05:41+00:00","dateModified":"2024-01-31T16:20:21+00:00","description":"Kosutav ja karge rabarberi mullijook. Alkoholivaba tervitusjook, aga loomulikult ka lihtsalt nautimiseks. Rabarberi mull pidulik jook mis sobib k\u00f5ikidele","breadcrumb":{"@id":"https:\/\/siidritalu.ee\/en\/pood\/rabarberi-mullijook-33cl\/#breadcrumb"},"inLanguage":"en-US","potentialAction":[{"@type":"ReadAction","target":["https:\/\/siidritalu.ee\/en\/pood\/rabarberi-mullijook-33cl\/"]}]},{"@type":"ImageObject","inLanguage":"en-US","@id":"https:\/\/siidritalu.ee\/en\/pood\/rabarberi-mullijook-33cl\/#primaryimage","url":"https:\/\/siidritalu.ee\/wp-content\/uploads\/2023\/04\/Rabarberi-mull-33cl-pronks.png","contentUrl":"https:\/\/siidritalu.ee\/wp-content\/uploads\/2023\/04\/Rabarberi-mull-33cl-pronks.png","width":800,"height":1067},{"@type":"BreadcrumbList","@id":"https:\/\/siidritalu.ee\/en\/pood\/rabarberi-mullijook-33cl\/#breadcrumb","itemListElement":[{"@type":"ListItem","position":1,"name":"Home","item":"https:\/\/siidritalu.ee\/en\/"},{"@type":"ListItem","position":2,"name":"Shop","item":"https:\/\/siidritalu.ee\/en\/shop\/"},{"@type":"ListItem","position":3,"name":"Rabarberi mullijook (5pdl)"}]},{"@type":"WebSite","@id":"https:\/\/siidritalu.ee\/en\/#website","url":"https:\/\/siidritalu.ee\/en\/","name":"Tori Siidritalu","description":"Eesti k\u00e4sit\u00f6\u00f6 joogid siider ja alkoholivaba","publisher":{"@id":"https:\/\/siidritalu.ee\/en\/#organization"},"potentialAction":[{"@type":"SearchAction","target":{"@type":"EntryPoint","urlTemplate":"https:\/\/siidritalu.ee\/en\/?s={search_term_string}"},"query-input":{"@type":"PropertyValueSpecification","valueRequired":true,"valueName":"search_term_string"}}],"inLanguage":"en-US"},{"@type":"Organization","@id":"https:\/\/siidritalu.ee\/en\/#organization","name":"Tori Siidritalu","url":"https:\/\/siidritalu.ee\/en\/","logo":{"@type":"ImageObject","inLanguage":"en-US","@id":"https:\/\/siidritalu.ee\/en\/#\/schema\/logo\/image\/","url":"https:\/\/siidritalu.ee\/wp-content\/uploads\/2021\/10\/cropped-Logo-1080.jpg","contentUrl":"https:\/\/siidritalu.ee\/wp-content\/uploads\/2021\/10\/cropped-Logo-1080.jpg","width":512,"height":512,"caption":"Tori Siidritalu"},"image":{"@id":"https:\/\/siidritalu.ee\/en\/#\/schema\/logo\/image\/"}}]}},"jetpack_sharing_enabled":true,"_links":{"self":[{"href":"https:\/\/siidritalu.ee\/en\/wp-json\/wp\/v2\/product\/2958","targetHints":{"allow":["GET"]}}],"collection":[{"href":"https:\/\/siidritalu.ee\/en\/wp-json\/wp\/v2\/product"}],"about":[{"href":"https:\/\/siidritalu.ee\/en\/wp-json\/wp\/v2\/types\/product"}],"wp:featuredmedia":[{"embeddable":true,"href":"https:\/\/siidritalu.ee\/en\/wp-json\/wp\/v2\/media\/3140"}],"wp:attachment":[{"href":"https:\/\/siidritalu.ee\/en\/wp-json\/wp\/v2\/media?parent=2958"}],"wp:term":[{"taxonomy":"product_brand","embeddable":true,"href":"https:\/\/siidritalu.ee\/en\/wp-json\/wp\/v2\/product_brand?post=2958"},{"taxonomy":"product_cat","embeddable":true,"href":"https:\/\/siidritalu.ee\/en\/wp-json\/wp\/v2\/product_cat?post=2958"},{"taxonomy":"product_tag","embeddable":true,"href":"https:\/\/siidritalu.ee\/en\/wp-json\/wp\/v2\/product_tag?post=2958"}],"curies":[{"name":"wp","href":"https:\/\/api.w.org\/{rel}","templated":true}]}}