{"id":373,"date":"2021-10-20T17:44:02","date_gmt":"2021-10-20T17:44:02","guid":{"rendered":"https:\/\/siidritalu.ee\/?post_type=product&#038;p=373"},"modified":"2025-08-18T08:56:30","modified_gmt":"2025-08-18T05:56:30","slug":"kinkekaart","status":"publish","type":"product","link":"https:\/\/siidritalu.ee\/en\/pood\/kinkekaart\/","title":{"rendered":"Kinkekaart"},"content":{"rendered":"","protected":false},"excerpt":{"rendered":"<p class=\"_04xlpA direction-ltr align-center para-style-body\"><span class=\"JsGRdQ\">Kinkekaart kehtib ostu sooritamiseks Tori Siidritalus<\/span><span class=\"JsGRdQ\"> kohapeal kauba v\u00f5i teenuse eest tasumiseks. Igal kinkekaardil on unikaalne kood, mille saadame ostu sooritaja e-mailile.<\/span><\/p>\n","protected":false},"featured_media":3510,"template":"","meta":{"_monsterinsights_skip_tracking":false,"_monsterinsights_sitenote_active":false,"_monsterinsights_sitenote_note":"","_monsterinsights_sitenote_category":0},"product_brand":[],"product_cat":[19,15],"product_tag":[],"class_list":{"0":"post-373","1":"product","2":"type-product","3":"status-publish","4":"has-post-thumbnail","6":"product_cat-kinkekomplektid","7":"product_cat-muu","9":"first","10":"instock","11":"taxable","12":"shipping-taxable","13":"purchasable","14":"product-type-simple"},"yoast_head":"<!-- This site is optimized with the Yoast SEO plugin v27.5 - https:\/\/yoast.com\/product\/yoast-seo-wordpress\/ -->\n<title>Kinkekaart - Tori Siidritalu<\/title>\n<meta name=\"description\" content=\"Kinkekaart kehtib ostu sooritamiseks Tori Siidritalus kohapeal kauba v\u00f5i teenuse eest tasumiseks.\" \/>\n<meta name=\"robots\" content=\"index, follow, max-snippet:-1, max-image-preview:large, max-video-preview:-1\" \/>\n<link rel=\"canonical\" href=\"https:\/\/siidritalu.ee\/en\/pood\/kinkekaart\/\" \/>\n<meta property=\"og:locale\" content=\"en_US\" \/>\n<meta property=\"og:type\" content=\"article\" \/>\n<meta property=\"og:title\" content=\"Kinkekaart - Tori Siidritalu\" \/>\n<meta property=\"og:description\" content=\"Kinkekaart kehtib ostu sooritamiseks Tori Siidritalus kohapeal kauba v\u00f5i teenuse eest tasumiseks.\" \/>\n<meta property=\"og:url\" content=\"https:\/\/siidritalu.ee\/en\/pood\/kinkekaart\/\" \/>\n<meta property=\"og:site_name\" content=\"Tori Siidritalu\" \/>\n<meta property=\"article:modified_time\" content=\"2025-08-18T05:56:30+00:00\" \/>\n<meta property=\"og:image\" content=\"https:\/\/www.siidritalu.ee\/wp-content\/uploads\/2021\/10\/Tori-Siidritalu-kinkekaart-1.png\" \/>\n\t<meta property=\"og:image:width\" content=\"450\" \/>\n\t<meta property=\"og:image:height\" content=\"600\" \/>\n\t<meta property=\"og:image:type\" content=\"image\/png\" \/>\n<meta name=\"twitter:card\" content=\"summary_large_image\" \/>\n<script type=\"application\/ld+json\" class=\"yoast-schema-graph\">{\"@context\":\"https:\\\/\\\/schema.org\",\"@graph\":[{\"@type\":\"WebPage\",\"@id\":\"https:\\\/\\\/siidritalu.ee\\\/en\\\/pood\\\/kinkekaart\\\/\",\"url\":\"https:\\\/\\\/siidritalu.ee\\\/en\\\/pood\\\/kinkekaart\\\/\",\"name\":\"Kinkekaart - Tori Siidritalu\",\"isPartOf\":{\"@id\":\"https:\\\/\\\/siidritalu.ee\\\/en\\\/#website\"},\"primaryImageOfPage\":{\"@id\":\"https:\\\/\\\/siidritalu.ee\\\/en\\\/pood\\\/kinkekaart\\\/#primaryimage\"},\"image\":{\"@id\":\"https:\\\/\\\/siidritalu.ee\\\/en\\\/pood\\\/kinkekaart\\\/#primaryimage\"},\"thumbnailUrl\":\"https:\\\/\\\/siidritalu.ee\\\/wp-content\\\/uploads\\\/2021\\\/10\\\/Tori-Siidritalu-kinkekaart-1.png\",\"datePublished\":\"2021-10-20T17:44:02+00:00\",\"dateModified\":\"2025-08-18T05:56:30+00:00\",\"description\":\"Kinkekaart kehtib ostu sooritamiseks Tori Siidritalus kohapeal kauba v\u00f5i teenuse eest tasumiseks.\",\"breadcrumb\":{\"@id\":\"https:\\\/\\\/siidritalu.ee\\\/en\\\/pood\\\/kinkekaart\\\/#breadcrumb\"},\"inLanguage\":\"en-US\",\"potentialAction\":[{\"@type\":\"ReadAction\",\"target\":[\"https:\\\/\\\/siidritalu.ee\\\/en\\\/pood\\\/kinkekaart\\\/\"]}]},{\"@type\":\"ImageObject\",\"inLanguage\":\"en-US\",\"@id\":\"https:\\\/\\\/siidritalu.ee\\\/en\\\/pood\\\/kinkekaart\\\/#primaryimage\",\"url\":\"https:\\\/\\\/siidritalu.ee\\\/wp-content\\\/uploads\\\/2021\\\/10\\\/Tori-Siidritalu-kinkekaart-1.png\",\"contentUrl\":\"https:\\\/\\\/siidritalu.ee\\\/wp-content\\\/uploads\\\/2021\\\/10\\\/Tori-Siidritalu-kinkekaart-1.png\",\"width\":450,\"height\":600},{\"@type\":\"BreadcrumbList\",\"@id\":\"https:\\\/\\\/siidritalu.ee\\\/en\\\/pood\\\/kinkekaart\\\/#breadcrumb\",\"itemListElement\":[{\"@type\":\"ListItem\",\"position\":1,\"name\":\"Home\",\"item\":\"https:\\\/\\\/siidritalu.ee\\\/en\\\/\"},{\"@type\":\"ListItem\",\"position\":2,\"name\":\"Shop\",\"item\":\"https:\\\/\\\/siidritalu.ee\\\/en\\\/shop\\\/\"},{\"@type\":\"ListItem\",\"position\":3,\"name\":\"Kinkekaart\"}]},{\"@type\":\"WebSite\",\"@id\":\"https:\\\/\\\/siidritalu.ee\\\/en\\\/#website\",\"url\":\"https:\\\/\\\/siidritalu.ee\\\/en\\\/\",\"name\":\"Tori Siidritalu\",\"description\":\"Eesti k\u00e4sit\u00f6\u00f6 joogid siider ja alkoholivaba\",\"publisher\":{\"@id\":\"https:\\\/\\\/siidritalu.ee\\\/en\\\/#organization\"},\"potentialAction\":[{\"@type\":\"SearchAction\",\"target\":{\"@type\":\"EntryPoint\",\"urlTemplate\":\"https:\\\/\\\/siidritalu.ee\\\/en\\\/?s={search_term_string}\"},\"query-input\":{\"@type\":\"PropertyValueSpecification\",\"valueRequired\":true,\"valueName\":\"search_term_string\"}}],\"inLanguage\":\"en-US\"},{\"@type\":\"Organization\",\"@id\":\"https:\\\/\\\/siidritalu.ee\\\/en\\\/#organization\",\"name\":\"Tori Siidritalu\",\"url\":\"https:\\\/\\\/siidritalu.ee\\\/en\\\/\",\"logo\":{\"@type\":\"ImageObject\",\"inLanguage\":\"en-US\",\"@id\":\"https:\\\/\\\/siidritalu.ee\\\/en\\\/#\\\/schema\\\/logo\\\/image\\\/\",\"url\":\"https:\\\/\\\/siidritalu.ee\\\/wp-content\\\/uploads\\\/2021\\\/10\\\/cropped-Logo-1080.jpg\",\"contentUrl\":\"https:\\\/\\\/siidritalu.ee\\\/wp-content\\\/uploads\\\/2021\\\/10\\\/cropped-Logo-1080.jpg\",\"width\":512,\"height\":512,\"caption\":\"Tori Siidritalu\"},\"image\":{\"@id\":\"https:\\\/\\\/siidritalu.ee\\\/en\\\/#\\\/schema\\\/logo\\\/image\\\/\"}}]}<\/script>\n<!-- \/ Yoast SEO plugin. -->","yoast_head_json":{"title":"Kinkekaart - Tori Siidritalu","description":"Kinkekaart kehtib ostu sooritamiseks Tori Siidritalus kohapeal kauba v\u00f5i teenuse eest tasumiseks.","robots":{"index":"index","follow":"follow","max-snippet":"max-snippet:-1","max-image-preview":"max-image-preview:large","max-video-preview":"max-video-preview:-1"},"canonical":"https:\/\/siidritalu.ee\/en\/pood\/kinkekaart\/","og_locale":"en_US","og_type":"article","og_title":"Kinkekaart - Tori Siidritalu","og_description":"Kinkekaart kehtib ostu sooritamiseks Tori Siidritalus kohapeal kauba v\u00f5i teenuse eest tasumiseks.","og_url":"https:\/\/siidritalu.ee\/en\/pood\/kinkekaart\/","og_site_name":"Tori Siidritalu","article_modified_time":"2025-08-18T05:56:30+00:00","og_image":[{"width":450,"height":600,"url":"https:\/\/www.siidritalu.ee\/wp-content\/uploads\/2021\/10\/Tori-Siidritalu-kinkekaart-1.png","type":"image\/png"}],"twitter_card":"summary_large_image","schema":{"@context":"https:\/\/schema.org","@graph":[{"@type":"WebPage","@id":"https:\/\/siidritalu.ee\/en\/pood\/kinkekaart\/","url":"https:\/\/siidritalu.ee\/en\/pood\/kinkekaart\/","name":"Kinkekaart - Tori Siidritalu","isPartOf":{"@id":"https:\/\/siidritalu.ee\/en\/#website"},"primaryImageOfPage":{"@id":"https:\/\/siidritalu.ee\/en\/pood\/kinkekaart\/#primaryimage"},"image":{"@id":"https:\/\/siidritalu.ee\/en\/pood\/kinkekaart\/#primaryimage"},"thumbnailUrl":"https:\/\/siidritalu.ee\/wp-content\/uploads\/2021\/10\/Tori-Siidritalu-kinkekaart-1.png","datePublished":"2021-10-20T17:44:02+00:00","dateModified":"2025-08-18T05:56:30+00:00","description":"Kinkekaart kehtib ostu sooritamiseks Tori Siidritalus kohapeal kauba v\u00f5i teenuse eest tasumiseks.","breadcrumb":{"@id":"https:\/\/siidritalu.ee\/en\/pood\/kinkekaart\/#breadcrumb"},"inLanguage":"en-US","potentialAction":[{"@type":"ReadAction","target":["https:\/\/siidritalu.ee\/en\/pood\/kinkekaart\/"]}]},{"@type":"ImageObject","inLanguage":"en-US","@id":"https:\/\/siidritalu.ee\/en\/pood\/kinkekaart\/#primaryimage","url":"https:\/\/siidritalu.ee\/wp-content\/uploads\/2021\/10\/Tori-Siidritalu-kinkekaart-1.png","contentUrl":"https:\/\/siidritalu.ee\/wp-content\/uploads\/2021\/10\/Tori-Siidritalu-kinkekaart-1.png","width":450,"height":600},{"@type":"BreadcrumbList","@id":"https:\/\/siidritalu.ee\/en\/pood\/kinkekaart\/#breadcrumb","itemListElement":[{"@type":"ListItem","position":1,"name":"Home","item":"https:\/\/siidritalu.ee\/en\/"},{"@type":"ListItem","position":2,"name":"Shop","item":"https:\/\/siidritalu.ee\/en\/shop\/"},{"@type":"ListItem","position":3,"name":"Kinkekaart"}]},{"@type":"WebSite","@id":"https:\/\/siidritalu.ee\/en\/#website","url":"https:\/\/siidritalu.ee\/en\/","name":"Tori Siidritalu","description":"Eesti k\u00e4sit\u00f6\u00f6 joogid siider ja alkoholivaba","publisher":{"@id":"https:\/\/siidritalu.ee\/en\/#organization"},"potentialAction":[{"@type":"SearchAction","target":{"@type":"EntryPoint","urlTemplate":"https:\/\/siidritalu.ee\/en\/?s={search_term_string}"},"query-input":{"@type":"PropertyValueSpecification","valueRequired":true,"valueName":"search_term_string"}}],"inLanguage":"en-US"},{"@type":"Organization","@id":"https:\/\/siidritalu.ee\/en\/#organization","name":"Tori Siidritalu","url":"https:\/\/siidritalu.ee\/en\/","logo":{"@type":"ImageObject","inLanguage":"en-US","@id":"https:\/\/siidritalu.ee\/en\/#\/schema\/logo\/image\/","url":"https:\/\/siidritalu.ee\/wp-content\/uploads\/2021\/10\/cropped-Logo-1080.jpg","contentUrl":"https:\/\/siidritalu.ee\/wp-content\/uploads\/2021\/10\/cropped-Logo-1080.jpg","width":512,"height":512,"caption":"Tori Siidritalu"},"image":{"@id":"https:\/\/siidritalu.ee\/en\/#\/schema\/logo\/image\/"}}]}},"jetpack_sharing_enabled":true,"_links":{"self":[{"href":"https:\/\/siidritalu.ee\/en\/wp-json\/wp\/v2\/product\/373","targetHints":{"allow":["GET"]}}],"collection":[{"href":"https:\/\/siidritalu.ee\/en\/wp-json\/wp\/v2\/product"}],"about":[{"href":"https:\/\/siidritalu.ee\/en\/wp-json\/wp\/v2\/types\/product"}],"wp:featuredmedia":[{"embeddable":true,"href":"https:\/\/siidritalu.ee\/en\/wp-json\/wp\/v2\/media\/3510"}],"wp:attachment":[{"href":"https:\/\/siidritalu.ee\/en\/wp-json\/wp\/v2\/media?parent=373"}],"wp:term":[{"taxonomy":"product_brand","embeddable":true,"href":"https:\/\/siidritalu.ee\/en\/wp-json\/wp\/v2\/product_brand?post=373"},{"taxonomy":"product_cat","embeddable":true,"href":"https:\/\/siidritalu.ee\/en\/wp-json\/wp\/v2\/product_cat?post=373"},{"taxonomy":"product_tag","embeddable":true,"href":"https:\/\/siidritalu.ee\/en\/wp-json\/wp\/v2\/product_tag?post=373"}],"curies":[{"name":"wp","href":"https:\/\/api.w.org\/{rel}","templated":true}]}}